{"id":13,"date":"2023-06-16T16:25:19","date_gmt":"2023-06-16T13:25:19","guid":{"rendered":"https:\/\/www.curkuslar.com.tr\/?page_id=13"},"modified":"2023-08-24T12:09:01","modified_gmt":"2023-08-24T09:09:01","slug":"iade","status":"publish","type":"page","link":"https:\/\/www.curkuslar.com.tr\/en\/iade\/","title":{"rendered":"\u0130ptal ve \u0130ade Politikas\u0131"},"content":{"rendered":"<h2 class=\"wp-block-heading has-text-align-center\">\u0130ptal ve \u0130ade Politikas\u0131<\/h2>\n\n\n\n<p><strong>\u0130ade Ko\u015fullar\u0131<\/strong><\/p>\n\n\n\n<p>\u0130ade ve de\u011fi\u015fim i\u00e7in \u00fcr\u00fcn\u00fcn\u00fcz\u00fcn teslim tarihinden itibaren 14 g\u00fcn i\u00e7erisinde bu sayfadaki form \u00fczerinden ba\u015fvuruda bulunman\u0131z gerekmektedir.<\/p>\n\n\n\n<p>\u201c\u0130ade edilecek \u00fcr\u00fcn\u00fcn aktivasyon kodu veya herhangi bir ba\u015fka yol ile aktive edilmemi\u015f olmas\u0131 gerekmektedir. Aksi takdirde \u00fcr\u00fcn iadesi yap\u0131lamaz.\u201d<\/p>\n\n\n\n<p>Daha fazla bilgi i\u00e7in \u2026\u2026\u2026\u2026\u2026\u00fczerinden ileti\u015fime ge\u00e7ebilirsiniz.<\/p>\n\n\n\n<p><strong>\u0130ade Ba\u015fvurusu ve Bedel \u0130adesi<\/strong><\/p>\n\n\n\n<p>\u0130ade talebinizi formu doldurarak veya \u2026\u2026\u2026\u2026.numaral\u0131 telefondan bize ula\u015farak yapabilirsiniz.&nbsp;<\/p>\n\n\n\n<p>Mail i\u00e7inde iade sebebi, iade yap\u0131lacak kredi kart\u0131 veya banka hesap bilgisilerini eklemeyi unutmamamn\u0131z\u0131 rica ederiz.<\/p>\n\n\n\n<p>\u0130ade talebinizin banka hesab\u0131na aktar\u0131lmas\u0131 3 i\u015f g\u00fcn\u00fc s\u00fcrebilmektedir. Bu s\u00fcre bankan\u0131za g\u00f6re de\u011fi\u015fiklik g\u00f6sterebilir.<\/p>\n\n\n\n<p>\u201cZorunlu haller haricinde \u00fcr\u00fcn\u00fc sat\u0131n al\u0131rken tercih etti\u011finiz \u00f6deme \u015fekli ile ayn\u0131 \u015fekilde iadeniz yap\u0131l\u0131r.\u201d<\/p>\n\n\n\n<div style=\"height:100px\" aria-hidden=\"true\" class=\"wp-block-spacer\"><\/div>","protected":false},"excerpt":{"rendered":"<p>\u0130ptal ve \u0130ade Politikas\u0131 \u0130ade Ko\u015fullar\u0131 \u0130ade ve de\u011fi\u015fim i\u00e7in \u00fcr\u00fcn\u00fcn\u00fcz\u00fcn teslim tarihinden itibaren 14 g\u00fcn i\u00e7erisinde bu sayfadaki form \u00fczerinden ba\u015fvuruda bulunman\u0131z gerekmektedir. \u201c\u0130ade edilecek \u00fcr\u00fcn\u00fcn aktivasyon kodu veya herhangi bir ba\u015fka yol ile aktive edilmemi\u015f olmas\u0131 gerekmektedir. Aksi takdirde \u00fcr\u00fcn iadesi yap\u0131lamaz.\u201d Daha fazla bilgi i\u00e7in \u2026\u2026\u2026\u2026\u2026\u00fczerinden ileti\u015fime ge\u00e7ebilirsiniz. \u0130ade Ba\u015fvurusu ve Bedel [&hellip;]<\/p>\n","protected":false},"author":1,"featured_media":0,"parent":0,"menu_order":0,"comment_status":"closed","ping_status":"closed","template":"","meta":{"footnotes":""},"class_list":["post-13","page","type-page","status-publish","hentry"],"_links":{"self":[{"href":"https:\/\/www.curkuslar.com.tr\/en\/wp-json\/wp\/v2\/pages\/13","targetHints":{"allow":["GET"]}}],"collection":[{"href":"https:\/\/www.curkuslar.com.tr\/en\/wp-json\/wp\/v2\/pages"}],"about":[{"href":"https:\/\/www.curkuslar.com.tr\/en\/wp-json\/wp\/v2\/types\/page"}],"author":[{"embeddable":true,"href":"https:\/\/www.curkuslar.com.tr\/en\/wp-json\/wp\/v2\/users\/1"}],"replies":[{"embeddable":true,"href":"https:\/\/www.curkuslar.com.tr\/en\/wp-json\/wp\/v2\/comments?post=13"}],"version-history":[{"count":0,"href":"https:\/\/www.curkuslar.com.tr\/en\/wp-json\/wp\/v2\/pages\/13\/revisions"}],"wp:attachment":[{"href":"https:\/\/www.curkuslar.com.tr\/en\/wp-json\/wp\/v2\/media?parent=13"}],"curies":[{"name":"wp","href":"https:\/\/api.w.org\/{rel}","templated":true}]}}