{"id":16799,"date":"2024-08-08T12:10:13","date_gmt":"2024-08-08T09:10:13","guid":{"rendered":"https:\/\/www.curkuslar.com.tr\/?page_id=16799"},"modified":"2024-08-13T13:56:49","modified_gmt":"2024-08-13T10:56:49","slug":"bayiler","status":"publish","type":"page","link":"https:\/\/www.curkuslar.com.tr\/en\/bayiler\/","title":{"rendered":"Dealers"},"content":{"rendered":"<div data-elementor-type=\"wp-page\" data-elementor-id=\"16799\" class=\"elementor elementor-16799\" data-elementor-post-type=\"page\">\n\t\t\t\t<div class=\"elementor-element elementor-element-8e70979 e-con-full e-flex e-con e-parent\" data-id=\"8e70979\" data-element_type=\"container\" data-e-type=\"container\">\n\t\t\t\t<div class=\"elementor-element elementor-element-1f7fc6c elementor-widget elementor-widget-shortcode\" data-id=\"1f7fc6c\" data-element_type=\"widget\" data-e-type=\"widget\" data-widget_type=\"shortcode.default\">\n\t\t\t\t<div class=\"elementor-widget-container\">\n\t\t\t\t\t\t\t<div class=\"elementor-shortcode\"><div class=\"map_wrapper\" id=\"map_wrapper_17228\">\n<div class=\"map_box\" style=\"max-width:1560px\">\n<div class=\"map_aspect_ratio\" style=\"padding-top:47%\" data-padding-top=\"47%\" data-padding-top-mobile=\"0%\">\n<div class=\"map_container\">\n<div class=\"map_render map_loading\" id=\"map_17228\"><\/div>\n<\/div>\n<\/div>\n<\/div>\n<\/div><\/div>\n\t\t\t\t\t\t<\/div>\n\t\t\t\t<\/div>\n\t\t\t\t<\/div>\n\t\t<div class=\"elementor-element elementor-element-5d86485 e-flex e-con-boxed e-con e-parent\" data-id=\"5d86485\" data-element_type=\"container\" data-e-type=\"container\">\n\t\t\t\t\t<div class=\"e-con-inner\">\n\t\t<div class=\"elementor-element elementor-element-934619f e-con-full e-flex e-con e-child\" data-id=\"934619f\" data-element_type=\"container\" data-e-type=\"container\">\n\t\t\t\t<div class=\"elementor-element elementor-element-b2f9ae8 elementor-widget elementor-widget-text-editor\" data-id=\"b2f9ae8\" data-element_type=\"widget\" data-e-type=\"widget\" data-widget_type=\"text-editor.default\">\n\t\t\t\t<div class=\"elementor-widget-container\">\n\t\t\t\t\t\t\t\t\t<h4><strong>Dealers<br \/><\/strong><\/h4>\t\t\t\t\t\t\t\t<\/div>\n\t\t\t\t<\/div>\n\t\t\t\t<div class=\"elementor-element elementor-element-e34df7c elementor-widget elementor-widget-text-editor\" data-id=\"e34df7c\" data-element_type=\"widget\" data-e-type=\"widget\" data-widget_type=\"text-editor.default\">\n\t\t\t\t<div class=\"elementor-widget-container\">\n\t\t\t\t\t\t\t\t\t<p><b>Branch 03<\/b><br \/>\u00c7ukurova \/ Adana<br \/>Telephone: +90 <br \/>Mail Adresi: \u2026@mail.com<\/p>\t\t\t\t\t\t\t\t<\/div>\n\t\t\t\t<\/div>\n\t\t\t\t<div class=\"elementor-element elementor-element-674763e elementor-widget elementor-widget-text-editor\" data-id=\"674763e\" data-element_type=\"widget\" data-e-type=\"widget\" data-widget_type=\"text-editor.default\">\n\t\t\t\t<div class=\"elementor-widget-container\">\n\t\t\t\t\t\t\t\t\t<p><b>Branch 02<\/b><br \/>Yenimahalle \/ Ankara<br \/>Telephone: +90 <br \/>Mail Adresi: \u2026@mail.com<\/p>\t\t\t\t\t\t\t\t<\/div>\n\t\t\t\t<\/div>\n\t\t\t\t<div class=\"elementor-element elementor-element-4047c89 elementor-widget elementor-widget-text-editor\" data-id=\"4047c89\" data-element_type=\"widget\" data-e-type=\"widget\" data-widget_type=\"text-editor.default\">\n\t\t\t\t<div class=\"elementor-widget-container\">\n\t\t\t\t\t\t\t\t\t<p><b>Branch 01<\/b><br \/>Gebze-Kocaeli<br \/>Telephone: +90 <br \/>Mail Adresi: \u2026@mail.com<\/p>\t\t\t\t\t\t\t\t<\/div>\n\t\t\t\t<\/div>\n\t\t\t\t<\/div>\n\t\t<div class=\"elementor-element elementor-element-9b259b0 e-con-full e-flex e-con e-child\" data-id=\"9b259b0\" data-element_type=\"container\" data-e-type=\"container\">\n\t\t\t\t<div class=\"elementor-element elementor-element-9a693a1 elementor-widget elementor-widget-text-editor\" data-id=\"9a693a1\" data-element_type=\"widget\" data-e-type=\"widget\" data-widget_type=\"text-editor.default\">\n\t\t\t\t<div class=\"elementor-widget-container\">\n\t\t\t\t\t\t\t\t\t<h4><strong>Dealers<br \/><\/strong><\/h4>\t\t\t\t\t\t\t\t<\/div>\n\t\t\t\t<\/div>\n\t\t\t\t<div class=\"elementor-element elementor-element-b25feb6 elementor-widget elementor-widget-text-editor\" data-id=\"b25feb6\" data-element_type=\"widget\" data-e-type=\"widget\" data-widget_type=\"text-editor.default\">\n\t\t\t\t<div class=\"elementor-widget-container\">\n\t\t\t\t\t\t\t\t\t<p><b>Branch 03<\/b><br \/>\u00c7ukurova \/ Adana<br \/>Telephone: +90 <br \/>Mail Adresi: \u2026@mail.com<\/p>\t\t\t\t\t\t\t\t<\/div>\n\t\t\t\t<\/div>\n\t\t\t\t<div class=\"elementor-element elementor-element-07ea8a5 elementor-widget elementor-widget-text-editor\" data-id=\"07ea8a5\" data-element_type=\"widget\" data-e-type=\"widget\" data-widget_type=\"text-editor.default\">\n\t\t\t\t<div class=\"elementor-widget-container\">\n\t\t\t\t\t\t\t\t\t<p><b>Branch 02<\/b><br \/>Yenimahalle \/ Ankara<br \/>Telephone: +90 <br \/>Mail Adresi: \u2026@mail.com<\/p>\t\t\t\t\t\t\t\t<\/div>\n\t\t\t\t<\/div>\n\t\t\t\t<div class=\"elementor-element elementor-element-49d117f elementor-widget elementor-widget-text-editor\" data-id=\"49d117f\" data-element_type=\"widget\" data-e-type=\"widget\" data-widget_type=\"text-editor.default\">\n\t\t\t\t<div class=\"elementor-widget-container\">\n\t\t\t\t\t\t\t\t\t<p><b>Branch 01<\/b><br \/>Gebze-Kocaeli<br \/>Telephone: +90 <br \/>Mail Adresi: \u2026@mail.com<\/p>\t\t\t\t\t\t\t\t<\/div>\n\t\t\t\t<\/div>\n\t\t\t\t<\/div>\n\t\t<div class=\"elementor-element elementor-element-5349a9c e-con-full e-flex e-con e-child\" data-id=\"5349a9c\" data-element_type=\"container\" data-e-type=\"container\">\n\t\t\t\t<div class=\"elementor-element elementor-element-ee03908 elementor-widget elementor-widget-text-editor\" data-id=\"ee03908\" data-element_type=\"widget\" data-e-type=\"widget\" data-widget_type=\"text-editor.default\">\n\t\t\t\t<div class=\"elementor-widget-container\">\n\t\t\t\t\t\t\t\t\t<h4><strong>Dealers<br \/><\/strong><\/h4>\t\t\t\t\t\t\t\t<\/div>\n\t\t\t\t<\/div>\n\t\t\t\t<div class=\"elementor-element elementor-element-71552b9 elementor-widget elementor-widget-text-editor\" data-id=\"71552b9\" data-element_type=\"widget\" data-e-type=\"widget\" data-widget_type=\"text-editor.default\">\n\t\t\t\t<div class=\"elementor-widget-container\">\n\t\t\t\t\t\t\t\t\t<p><b>Branch 03<\/b><br \/>\u00c7ukurova \/ Adana<br \/>Telephone: +90 <br \/>Mail Adresi: \u2026@mail.com<\/p>\t\t\t\t\t\t\t\t<\/div>\n\t\t\t\t<\/div>\n\t\t\t\t<div class=\"elementor-element elementor-element-29d7496 elementor-widget elementor-widget-text-editor\" data-id=\"29d7496\" data-element_type=\"widget\" data-e-type=\"widget\" data-widget_type=\"text-editor.default\">\n\t\t\t\t<div class=\"elementor-widget-container\">\n\t\t\t\t\t\t\t\t\t<p><b>Branch 02<\/b><br \/>Yenimahalle \/ Ankara<br \/>Telephone: +90 <br \/>Mail Adresi: \u2026@mail.com<\/p>\t\t\t\t\t\t\t\t<\/div>\n\t\t\t\t<\/div>\n\t\t\t\t<div class=\"elementor-element elementor-element-98caf98 elementor-widget elementor-widget-text-editor\" data-id=\"98caf98\" data-element_type=\"widget\" data-e-type=\"widget\" data-widget_type=\"text-editor.default\">\n\t\t\t\t<div class=\"elementor-widget-container\">\n\t\t\t\t\t\t\t\t\t<p><b>Branch 01<\/b><br \/>Gebze-Kocaeli<br \/>Telephone: +90 <br \/>Mail Adresi: \u2026@mail.com<\/p>\t\t\t\t\t\t\t\t<\/div>\n\t\t\t\t<\/div>\n\t\t\t\t<\/div>\n\t\t<div class=\"elementor-element elementor-element-b14653e e-con-full e-flex e-con e-child\" data-id=\"b14653e\" data-element_type=\"container\" data-e-type=\"container\">\n\t\t\t\t<div class=\"elementor-element elementor-element-186a9ce elementor-widget elementor-widget-text-editor\" data-id=\"186a9ce\" data-element_type=\"widget\" data-e-type=\"widget\" data-widget_type=\"text-editor.default\">\n\t\t\t\t<div class=\"elementor-widget-container\">\n\t\t\t\t\t\t\t\t\t<h4><strong>Dealers<br \/><\/strong><\/h4>\t\t\t\t\t\t\t\t<\/div>\n\t\t\t\t<\/div>\n\t\t\t\t<div class=\"elementor-element elementor-element-54965df elementor-widget elementor-widget-text-editor\" data-id=\"54965df\" data-element_type=\"widget\" data-e-type=\"widget\" data-widget_type=\"text-editor.default\">\n\t\t\t\t<div class=\"elementor-widget-container\">\n\t\t\t\t\t\t\t\t\t<p><b>Branch 03<\/b><br \/>\u00c7ukurova \/ Adana<br \/>Telephone: +90 <br \/>Mail Adresi: \u2026@mail.com<\/p>\t\t\t\t\t\t\t\t<\/div>\n\t\t\t\t<\/div>\n\t\t\t\t<div class=\"elementor-element elementor-element-fe01616 elementor-widget elementor-widget-text-editor\" data-id=\"fe01616\" data-element_type=\"widget\" data-e-type=\"widget\" data-widget_type=\"text-editor.default\">\n\t\t\t\t<div class=\"elementor-widget-container\">\n\t\t\t\t\t\t\t\t\t<p><b>Branch 02<\/b><br \/>Yenimahalle \/ Ankara<br \/>Telephone: +90 <br \/>Mail Adresi: \u2026@mail.com<\/p>\t\t\t\t\t\t\t\t<\/div>\n\t\t\t\t<\/div>\n\t\t\t\t<div class=\"elementor-element elementor-element-26a7ff1 elementor-widget elementor-widget-text-editor\" data-id=\"26a7ff1\" data-element_type=\"widget\" data-e-type=\"widget\" data-widget_type=\"text-editor.default\">\n\t\t\t\t<div class=\"elementor-widget-container\">\n\t\t\t\t\t\t\t\t\t<p><b>Branch 01<\/b><br \/>Gebze-Kocaeli<br \/>Telephone: +90 <br \/>Mail Adresi: \u2026@mail.com<\/p>\t\t\t\t\t\t\t\t<\/div>\n\t\t\t\t<\/div>\n\t\t\t\t<\/div>\n\t\t\t\t\t<\/div>\n\t\t\t\t<\/div>\n\t\t<div class=\"elementor-element elementor-element-aff78bb e-flex e-con-boxed e-con e-parent\" data-id=\"aff78bb\" data-element_type=\"container\" data-e-type=\"container\">\n\t\t\t\t\t<div class=\"e-con-inner\">\n\t\t<div class=\"elementor-element elementor-element-388192c e-con-full e-flex e-con e-child\" data-id=\"388192c\" data-element_type=\"container\" data-e-type=\"container\">\n\t\t\t\t<div class=\"elementor-element elementor-element-cb0534b elementor-widget elementor-widget-text-editor\" data-id=\"cb0534b\" data-element_type=\"widget\" data-e-type=\"widget\" data-widget_type=\"text-editor.default\">\n\t\t\t\t<div class=\"elementor-widget-container\">\n\t\t\t\t\t\t\t\t\t<h4><strong>Dealers<br \/><\/strong><\/h4>\t\t\t\t\t\t\t\t<\/div>\n\t\t\t\t<\/div>\n\t\t\t\t<div class=\"elementor-element elementor-element-130e37c elementor-widget elementor-widget-text-editor\" data-id=\"130e37c\" data-element_type=\"widget\" data-e-type=\"widget\" data-widget_type=\"text-editor.default\">\n\t\t\t\t<div class=\"elementor-widget-container\">\n\t\t\t\t\t\t\t\t\t<p><b>Branch 03<\/b><br \/>\u00c7ukurova \/ Adana<br \/>Telephone: +90 <br \/>Mail Adresi: \u2026@mail.com<\/p>\t\t\t\t\t\t\t\t<\/div>\n\t\t\t\t<\/div>\n\t\t\t\t<div class=\"elementor-element elementor-element-1330799 elementor-widget elementor-widget-text-editor\" data-id=\"1330799\" data-element_type=\"widget\" data-e-type=\"widget\" data-widget_type=\"text-editor.default\">\n\t\t\t\t<div class=\"elementor-widget-container\">\n\t\t\t\t\t\t\t\t\t<p><b>Branch 02<\/b><br \/>Yenimahalle \/ Ankara<br \/>Telephone: +90 <br \/>Mail Adresi: \u2026@mail.com<\/p>\t\t\t\t\t\t\t\t<\/div>\n\t\t\t\t<\/div>\n\t\t\t\t<div class=\"elementor-element elementor-element-79436cf elementor-widget elementor-widget-text-editor\" data-id=\"79436cf\" data-element_type=\"widget\" data-e-type=\"widget\" data-widget_type=\"text-editor.default\">\n\t\t\t\t<div class=\"elementor-widget-container\">\n\t\t\t\t\t\t\t\t\t<p><b>Branch 01<\/b><br \/>Gebze-Kocaeli<br \/>Telephone: +90 <br \/>Mail Adresi: \u2026@mail.com<\/p>\t\t\t\t\t\t\t\t<\/div>\n\t\t\t\t<\/div>\n\t\t\t\t<\/div>\n\t\t<div class=\"elementor-element elementor-element-c529695 e-con-full e-flex e-con e-child\" data-id=\"c529695\" data-element_type=\"container\" data-e-type=\"container\">\n\t\t\t\t<div class=\"elementor-element elementor-element-297bf72 elementor-widget elementor-widget-text-editor\" data-id=\"297bf72\" data-element_type=\"widget\" data-e-type=\"widget\" data-widget_type=\"text-editor.default\">\n\t\t\t\t<div class=\"elementor-widget-container\">\n\t\t\t\t\t\t\t\t\t<h4><strong>Dealers<br \/><\/strong><\/h4>\t\t\t\t\t\t\t\t<\/div>\n\t\t\t\t<\/div>\n\t\t\t\t<div class=\"elementor-element elementor-element-8d74e6c elementor-widget elementor-widget-text-editor\" data-id=\"8d74e6c\" data-element_type=\"widget\" data-e-type=\"widget\" data-widget_type=\"text-editor.default\">\n\t\t\t\t<div class=\"elementor-widget-container\">\n\t\t\t\t\t\t\t\t\t<p><b>Branch 03<\/b><br \/>\u00c7ukurova \/ Adana<br \/>Telephone: +90 <br \/>Mail Adresi: \u2026@mail.com<\/p>\t\t\t\t\t\t\t\t<\/div>\n\t\t\t\t<\/div>\n\t\t\t\t<div class=\"elementor-element elementor-element-b7ec8e2 elementor-widget elementor-widget-text-editor\" data-id=\"b7ec8e2\" data-element_type=\"widget\" data-e-type=\"widget\" data-widget_type=\"text-editor.default\">\n\t\t\t\t<div class=\"elementor-widget-container\">\n\t\t\t\t\t\t\t\t\t<p><b>Branch 02<\/b><br \/>Yenimahalle \/ Ankara<br \/>Telephone: +90 <br \/>Mail Adresi: \u2026@mail.com<\/p>\t\t\t\t\t\t\t\t<\/div>\n\t\t\t\t<\/div>\n\t\t\t\t<div class=\"elementor-element elementor-element-2cdf462 elementor-widget elementor-widget-text-editor\" data-id=\"2cdf462\" data-element_type=\"widget\" data-e-type=\"widget\" data-widget_type=\"text-editor.default\">\n\t\t\t\t<div class=\"elementor-widget-container\">\n\t\t\t\t\t\t\t\t\t<p><b>Branch 01<\/b><br \/>Gebze-Kocaeli<br \/>Telephone: +90 <br \/>Mail Adresi: \u2026@mail.com<\/p>\t\t\t\t\t\t\t\t<\/div>\n\t\t\t\t<\/div>\n\t\t\t\t<\/div>\n\t\t<div class=\"elementor-element elementor-element-2371357 e-con-full e-flex e-con e-child\" data-id=\"2371357\" data-element_type=\"container\" data-e-type=\"container\">\n\t\t\t\t<div class=\"elementor-element elementor-element-c40f319 elementor-widget elementor-widget-text-editor\" data-id=\"c40f319\" data-element_type=\"widget\" data-e-type=\"widget\" data-widget_type=\"text-editor.default\">\n\t\t\t\t<div class=\"elementor-widget-container\">\n\t\t\t\t\t\t\t\t\t<h4><strong>Dealers<br \/><\/strong><\/h4>\t\t\t\t\t\t\t\t<\/div>\n\t\t\t\t<\/div>\n\t\t\t\t<div class=\"elementor-element elementor-element-8bccfed elementor-widget elementor-widget-text-editor\" data-id=\"8bccfed\" data-element_type=\"widget\" data-e-type=\"widget\" data-widget_type=\"text-editor.default\">\n\t\t\t\t<div class=\"elementor-widget-container\">\n\t\t\t\t\t\t\t\t\t<p><b>Branch 03<\/b><br \/>\u00c7ukurova \/ Adana<br \/>Telephone: +90 <br \/>Mail Adresi: \u2026@mail.com<\/p>\t\t\t\t\t\t\t\t<\/div>\n\t\t\t\t<\/div>\n\t\t\t\t<div class=\"elementor-element elementor-element-12c358b elementor-widget elementor-widget-text-editor\" data-id=\"12c358b\" data-element_type=\"widget\" data-e-type=\"widget\" data-widget_type=\"text-editor.default\">\n\t\t\t\t<div class=\"elementor-widget-container\">\n\t\t\t\t\t\t\t\t\t<p><b>Branch 02<\/b><br \/>Yenimahalle \/ Ankara<br \/>Telephone: +90 <br \/>Mail Adresi: \u2026@mail.com<\/p>\t\t\t\t\t\t\t\t<\/div>\n\t\t\t\t<\/div>\n\t\t\t\t<div class=\"elementor-element elementor-element-bd4ecd8 elementor-widget elementor-widget-text-editor\" data-id=\"bd4ecd8\" data-element_type=\"widget\" data-e-type=\"widget\" data-widget_type=\"text-editor.default\">\n\t\t\t\t<div class=\"elementor-widget-container\">\n\t\t\t\t\t\t\t\t\t<p><b>Branch 01<\/b><br \/>Gebze-Kocaeli<br \/>Telephone: +90 <br \/>Mail Adresi: \u2026@mail.com<\/p>\t\t\t\t\t\t\t\t<\/div>\n\t\t\t\t<\/div>\n\t\t\t\t<\/div>\n\t\t<div class=\"elementor-element elementor-element-e34b798 e-con-full e-flex e-con e-child\" data-id=\"e34b798\" data-element_type=\"container\" data-e-type=\"container\">\n\t\t\t\t<div class=\"elementor-element elementor-element-403b383 elementor-widget elementor-widget-text-editor\" data-id=\"403b383\" data-element_type=\"widget\" data-e-type=\"widget\" data-widget_type=\"text-editor.default\">\n\t\t\t\t<div class=\"elementor-widget-container\">\n\t\t\t\t\t\t\t\t\t<h4><strong>Dealers<br \/><\/strong><\/h4>\t\t\t\t\t\t\t\t<\/div>\n\t\t\t\t<\/div>\n\t\t\t\t<div class=\"elementor-element elementor-element-1632756 elementor-widget elementor-widget-text-editor\" data-id=\"1632756\" data-element_type=\"widget\" data-e-type=\"widget\" data-widget_type=\"text-editor.default\">\n\t\t\t\t<div class=\"elementor-widget-container\">\n\t\t\t\t\t\t\t\t\t<p><b>Branch 03<\/b><br \/>\u00c7ukurova \/ Adana<br \/>Telephone: +90 <br \/>Mail Adresi: \u2026@mail.com<\/p>\t\t\t\t\t\t\t\t<\/div>\n\t\t\t\t<\/div>\n\t\t\t\t<div class=\"elementor-element elementor-element-eb623b7 elementor-widget elementor-widget-text-editor\" data-id=\"eb623b7\" data-element_type=\"widget\" data-e-type=\"widget\" data-widget_type=\"text-editor.default\">\n\t\t\t\t<div class=\"elementor-widget-container\">\n\t\t\t\t\t\t\t\t\t<p><b>Branch 02<\/b><br \/>Yenimahalle \/ Ankara<br \/>Telephone: +90 <br \/>Mail Adresi: \u2026@mail.com<\/p>\t\t\t\t\t\t\t\t<\/div>\n\t\t\t\t<\/div>\n\t\t\t\t<div class=\"elementor-element elementor-element-77402f1 elementor-widget elementor-widget-text-editor\" data-id=\"77402f1\" data-element_type=\"widget\" data-e-type=\"widget\" data-widget_type=\"text-editor.default\">\n\t\t\t\t<div class=\"elementor-widget-container\">\n\t\t\t\t\t\t\t\t\t<p><b>Branch 01<\/b><br \/>Gebze-Kocaeli<br \/>Telephone: +90 <br \/>Mail Adresi: \u2026@mail.com<\/p>\t\t\t\t\t\t\t\t<\/div>\n\t\t\t\t<\/div>\n\t\t\t\t<\/div>\n\t\t\t\t\t<\/div>\n\t\t\t\t<\/div>\n\t\t\t\t<\/div>","protected":false},"excerpt":{"rendered":"<p>Bayiler \u015eube 03\u00c7ukurova \/ AdanaTelefon: +90 Mail Adresi: &#8230;@mail.com \u015eube 02Yenimahalle \/ AnkaraTelefon: +90 Mail Adresi: &#8230;@mail.com \u015eube 01Gebze-KocaeliTelefon: +90 Mail Adresi: &#8230;@mail.com Bayiler \u015eube 03\u00c7ukurova \/ AdanaTelefon: +90 Mail Adresi: &#8230;@mail.com \u015eube 02Yenimahalle \/ AnkaraTelefon: +90 Mail Adresi: &#8230;@mail.com \u015eube 01Gebze-KocaeliTelefon: +90 Mail Adresi: &#8230;@mail.com Bayiler \u015eube 03\u00c7ukurova \/ AdanaTelefon: +90 Mail Adresi: &#8230;@mail.com [&hellip;]<\/p>\n","protected":false},"author":1,"featured_media":0,"parent":0,"menu_order":-2,"comment_status":"closed","ping_status":"closed","template":"","meta":{"footnotes":""},"class_list":["post-16799","page","type-page","status-publish","hentry"],"_links":{"self":[{"href":"https:\/\/www.curkuslar.com.tr\/en\/wp-json\/wp\/v2\/pages\/16799","targetHints":{"allow":["GET"]}}],"collection":[{"href":"https:\/\/www.curkuslar.com.tr\/en\/wp-json\/wp\/v2\/pages"}],"about":[{"href":"https:\/\/www.curkuslar.com.tr\/en\/wp-json\/wp\/v2\/types\/page"}],"author":[{"embeddable":true,"href":"https:\/\/www.curkuslar.com.tr\/en\/wp-json\/wp\/v2\/users\/1"}],"replies":[{"embeddable":true,"href":"https:\/\/www.curkuslar.com.tr\/en\/wp-json\/wp\/v2\/comments?post=16799"}],"version-history":[{"count":109,"href":"https:\/\/www.curkuslar.com.tr\/en\/wp-json\/wp\/v2\/pages\/16799\/revisions"}],"predecessor-version":[{"id":17394,"href":"https:\/\/www.curkuslar.com.tr\/en\/wp-json\/wp\/v2\/pages\/16799\/revisions\/17394"}],"wp:attachment":[{"href":"https:\/\/www.curkuslar.com.tr\/en\/wp-json\/wp\/v2\/media?parent=16799"}],"curies":[{"name":"wp","href":"https:\/\/api.w.org\/{rel}","templated":true}]}}