{"id":14669,"date":"2023-09-16T10:00:09","date_gmt":"2023-09-16T07:00:09","guid":{"rendered":"https:\/\/www.curkuslar.com.tr\/urun\/akripol-1-1-toyota-tyt1k3-buzul-metalik-bazkat-boya\/"},"modified":"2024-08-12T12:55:44","modified_gmt":"2024-08-12T09:55:44","slug":"abs-7171-t","status":"publish","type":"product","link":"https:\/\/www.curkuslar.com.tr\/en\/product\/abs-7171-t\/","title":{"rendered":"ABS 7171-T"},"content":{"rendered":"<p>\u00dcr\u00fcnlerimizin tamam\u0131, uzun \u00f6m\u00fcrl\u00fc kullan\u0131m, estetik tasar\u0131m ve y\u00fcksek kaliteyi bir arada sunarak, hem fonksiyonel hem de \u015f\u0131kl\u0131\u011f\u0131yla ya\u015fam alanlar\u0131n\u0131za de\u011fer katar.<\/p>","protected":false},"excerpt":{"rendered":"<p>\u00dcr\u00fcnlerimizin tamam\u0131, uzun \u00f6m\u00fcrl\u00fc kullan\u0131m, estetik tasar\u0131m ve y\u00fcksek kaliteyi bir arada sunarak, hem fonksiyonel hem de \u015f\u0131kl\u0131\u011f\u0131yla ya\u015fam alanlar\u0131n\u0131za de\u011fer katar.<\/p>","protected":false},"featured_media":16742,"comment_status":"open","ping_status":"closed","template":"","meta":[],"pwb-brand":[],"product_brand":[],"product_cat":[315,15,111],"product_tag":[],"class_list":{"0":"post-14669","1":"product","2":"type-product","3":"status-publish","4":"has-post-thumbnail","6":"product_cat-dus-setleri","7":"product_cat-yedek-parca","8":"product_cat-banyo-aksesuarlari","10":"first","11":"outofstock","12":"taxable","13":"shipping-taxable","14":"purchasable","15":"product-type-simple"},"brands":[],"_links":{"self":[{"href":"https:\/\/www.curkuslar.com.tr\/en\/wp-json\/wp\/v2\/product\/14669","targetHints":{"allow":["GET"]}}],"collection":[{"href":"https:\/\/www.curkuslar.com.tr\/en\/wp-json\/wp\/v2\/product"}],"about":[{"href":"https:\/\/www.curkuslar.com.tr\/en\/wp-json\/wp\/v2\/types\/product"}],"replies":[{"embeddable":true,"href":"https:\/\/www.curkuslar.com.tr\/en\/wp-json\/wp\/v2\/comments?post=14669"}],"wp:featuredmedia":[{"embeddable":true,"href":"https:\/\/www.curkuslar.com.tr\/en\/wp-json\/wp\/v2\/media\/16742"}],"wp:attachment":[{"href":"https:\/\/www.curkuslar.com.tr\/en\/wp-json\/wp\/v2\/media?parent=14669"}],"wp:term":[{"taxonomy":"pwb-brand","embeddable":true,"href":"https:\/\/www.curkuslar.com.tr\/en\/wp-json\/wp\/v2\/pwb-brand?post=14669"},{"taxonomy":"product_brand","embeddable":true,"href":"https:\/\/www.curkuslar.com.tr\/en\/wp-json\/wp\/v2\/product_brand?post=14669"},{"taxonomy":"product_cat","embeddable":true,"href":"https:\/\/www.curkuslar.com.tr\/en\/wp-json\/wp\/v2\/product_cat?post=14669"},{"taxonomy":"product_tag","embeddable":true,"href":"https:\/\/www.curkuslar.com.tr\/en\/wp-json\/wp\/v2\/product_tag?post=14669"}],"curies":[{"name":"wp","href":"https:\/\/api.w.org\/{rel}","templated":true}]}}