{"id":14681,"date":"2023-09-16T10:47:26","date_gmt":"2023-09-16T07:47:26","guid":{"rendered":"https:\/\/www.curkuslar.com.tr\/urun\/akripol-1-1-hyundai-ys-yellow-sugar-bazkat-boya\/"},"modified":"2024-08-13T18:38:33","modified_gmt":"2024-08-13T15:38:33","slug":"shy-9712","status":"publish","type":"product","link":"https:\/\/www.curkuslar.com.tr\/en\/product\/shy-9712\/","title":{"rendered":"SHY 9712"},"content":{"rendered":"<p>\u00dcr\u00fcnlerimizin tamam\u0131, uzun \u00f6m\u00fcrl\u00fc kullan\u0131m, estetik tasar\u0131m ve y\u00fcksek kaliteyi bir arada sunarak, hem fonksiyonel hem de \u015f\u0131kl\u0131\u011f\u0131yla ya\u015fam alanlar\u0131n\u0131za de\u011fer katar.<\/p>","protected":false},"excerpt":{"rendered":"<p>\u00dcr\u00fcnlerimizin tamam\u0131, uzun \u00f6m\u00fcrl\u00fc kullan\u0131m, estetik tasar\u0131m ve y\u00fcksek kaliteyi bir arada sunarak, hem fonksiyonel hem de \u015f\u0131kl\u0131\u011f\u0131yla ya\u015fam alanlar\u0131n\u0131za de\u011fer katar.<\/p>","protected":false},"featured_media":16738,"comment_status":"open","ping_status":"closed","template":"","meta":[],"pwb-brand":[],"product_brand":[],"product_cat":[317,15],"product_tag":[],"class_list":{"0":"post-14681","1":"product","2":"type-product","3":"status-publish","4":"has-post-thumbnail","6":"product_cat-musluklar","7":"product_cat-yedek-parca","9":"first","10":"instock","11":"taxable","12":"shipping-taxable","13":"product-type-simple"},"brands":[],"_links":{"self":[{"href":"https:\/\/www.curkuslar.com.tr\/en\/wp-json\/wp\/v2\/product\/14681","targetHints":{"allow":["GET"]}}],"collection":[{"href":"https:\/\/www.curkuslar.com.tr\/en\/wp-json\/wp\/v2\/product"}],"about":[{"href":"https:\/\/www.curkuslar.com.tr\/en\/wp-json\/wp\/v2\/types\/product"}],"replies":[{"embeddable":true,"href":"https:\/\/www.curkuslar.com.tr\/en\/wp-json\/wp\/v2\/comments?post=14681"}],"wp:featuredmedia":[{"embeddable":true,"href":"https:\/\/www.curkuslar.com.tr\/en\/wp-json\/wp\/v2\/media\/16738"}],"wp:attachment":[{"href":"https:\/\/www.curkuslar.com.tr\/en\/wp-json\/wp\/v2\/media?parent=14681"}],"wp:term":[{"taxonomy":"pwb-brand","embeddable":true,"href":"https:\/\/www.curkuslar.com.tr\/en\/wp-json\/wp\/v2\/pwb-brand?post=14681"},{"taxonomy":"product_brand","embeddable":true,"href":"https:\/\/www.curkuslar.com.tr\/en\/wp-json\/wp\/v2\/product_brand?post=14681"},{"taxonomy":"product_cat","embeddable":true,"href":"https:\/\/www.curkuslar.com.tr\/en\/wp-json\/wp\/v2\/product_cat?post=14681"},{"taxonomy":"product_tag","embeddable":true,"href":"https:\/\/www.curkuslar.com.tr\/en\/wp-json\/wp\/v2\/product_tag?post=14681"}],"curies":[{"name":"wp","href":"https:\/\/api.w.org\/{rel}","templated":true}]}}